{"id":798,"date":"2018-02-21T09:38:07","date_gmt":"2018-02-21T08:38:07","guid":{"rendered":"http:\/\/www.lamashop.it\/?post_type=product&#038;p=798"},"modified":"2018-03-23T11:08:49","modified_gmt":"2018-03-23T10:08:49","slug":"contenitore-centotrentacinque-capodopera","status":"publish","type":"product","link":"https:\/\/www.lamashop.it\/en\/prodotto\/contenitore-centotrentacinque-capodopera\/","title":{"rendered":"Contenitore Centotrentacinque di Capod&#8217;opera"},"content":{"rendered":"<p>Moltissime ante di diverse dimensioni da potere combinare in infinite composizioni: un programma molto vasto e ambizioso, anche solo al pensarlo in una ipotetica versione monocolore. La forza espressiva di questa proposta \u00e8 tutta da scoprire, \u00e8 libert\u00e0 progettuale, sapienza produttiva e alta artigianalit\u00e0. Centotrentacinque rappresenta la risposta concreta ed immediata di un progetto semplice ma amplificato da molte variabili: tra queste la possibilit\u00e0 di scegliere diversi tipi di pomoli e maniglie, protagoniste di un disegno nel disegno, oppure di scegliere textures, colori e finiture dalla ricca \u201cSurfaces Collection\u201d, punto di forza e manifesto di unicit\u00e0 che identifica il \u201cCapo d\u2019opera Style\u201d. La collezione comprende mobili singoli o si sviluppa in combinazioni di contenitori componibili a terra o sospesi.<\/p>\n<p>&nbsp;<\/p>\n","protected":false},"excerpt":{"rendered":"<p>Contenitore pensile in Laccato Lucido<\/p>\n<p>FINITURA: Laccato Lucido<\/p>\n<p>DIMENSIONI: L.270 cm x H.180 cm x P.35,5 cm<\/p>\n","protected":false},"featured_media":767,"comment_status":"open","ping_status":"closed","template":"","meta":{"_et_pb_use_builder":"","_et_pb_old_content":"","_et_gb_content_width":"","_monsterinsights_skip_tracking":false,"_monsterinsights_sitenote_active":false,"_monsterinsights_sitenote_note":"","_monsterinsights_sitenote_category":0},"product_brand":[],"product_cat":[93,71],"product_tag":[103,101,100,104,102],"class_list":{"0":"post-798","1":"product","2":"type-product","3":"status-publish","4":"has-post-thumbnail","6":"product_cat-contenitori","7":"product_cat-trend-colore","8":"product_tag-contenitore-design","9":"product_tag-contenitore-pensile-capodopera","10":"product_tag-contenitore-pensile-centotrentacinque-capodopera","11":"product_tag-contenitore-per-zona-living","12":"product_tag-contenitore-sospeso","13":"product_shipping_class-spedizione-xl","15":"first","16":"instock","17":"shipping-taxable","18":"purchasable","19":"product-type-simple"},"_links":{"self":[{"href":"https:\/\/www.lamashop.it\/en\/wp-json\/wp\/v2\/product\/798","targetHints":{"allow":["GET"]}}],"collection":[{"href":"https:\/\/www.lamashop.it\/en\/wp-json\/wp\/v2\/product"}],"about":[{"href":"https:\/\/www.lamashop.it\/en\/wp-json\/wp\/v2\/types\/product"}],"replies":[{"embeddable":true,"href":"https:\/\/www.lamashop.it\/en\/wp-json\/wp\/v2\/comments?post=798"}],"wp:featuredmedia":[{"embeddable":true,"href":"https:\/\/www.lamashop.it\/en\/wp-json\/wp\/v2\/media\/767"}],"wp:attachment":[{"href":"https:\/\/www.lamashop.it\/en\/wp-json\/wp\/v2\/media?parent=798"}],"wp:term":[{"taxonomy":"product_brand","embeddable":true,"href":"https:\/\/www.lamashop.it\/en\/wp-json\/wp\/v2\/product_brand?post=798"},{"taxonomy":"product_cat","embeddable":true,"href":"https:\/\/www.lamashop.it\/en\/wp-json\/wp\/v2\/product_cat?post=798"},{"taxonomy":"product_tag","embeddable":true,"href":"https:\/\/www.lamashop.it\/en\/wp-json\/wp\/v2\/product_tag?post=798"}],"curies":[{"name":"wp","href":"https:\/\/api.w.org\/{rel}","templated":true}]}}